{"id":6495,"date":"2015-03-28T14:28:10","date_gmt":"2015-03-28T13:28:10","guid":{"rendered":"http:\/\/www.lisabaur.com\/berlin\/?page_id=6495"},"modified":"2015-05-04T11:27:01","modified_gmt":"2015-05-04T09:27:01","slug":"neues-arbeiten-wohnen","status":"publish","type":"page","link":"https:\/\/makecity.berlin\/2015\/neues-arbeiten-wohnen\/","title":{"rendered":"Neues Arbeiten &#038; Wohnen"},"content":{"rendered":"<p>Berlin leidet \u00e4hnlich wie andere europ\u00e4ische Hauptst\u00e4dte unter einem enormen Wohnungsmangel. Die Zahl der Menschen, die nach Berlin ziehen, steigt stetig an, w\u00e4hrend die Zahl erschwinglicher Wohnungen sich in die andere Richtung bewegt.&nbsp;<\/p>\n<p>In London und vielen anderen Gro\u00dfst\u00e4dten wird der \u00f6ffentliche Raum zunehmend durch private Konzerne und Investoren bestimmt und eingegrenzt. F\u00fcr die Nutzung dieser privatisierten Stadtr\u00e4ume gelten restriktive Regeln. Der \u00f6ffentliche Raum schwindet auf nahezu unsichtbare Weise. Bei Make City wird der \u00f6ffentliche Raum als Labor behandelt, das nicht nur vielf\u00e4ltige, andersartige architektonische und urbane Landschaften generiert, sondern auch innovative Wohn- und Arbeitstypologien. Das Festival pr\u00e4sentiert richtungsweisende neue Konzepte f\u00fcr architektonische Typologien: Bauen wir f\u00fcr die Patchwork-Familie? Sollten wir die Art der Nutzung von Dachfl\u00e4chen \u00fcberdenken? Und von R\u00e4umlichkeiten in den Erdgeschossen von sowohl Wohnungs- als auch Gewerbebauten? Sollten Architekten auf den Umgebungsfl\u00e4chen von neuer Architektur die Trennlinien zwischen \u00d6ffentlichem und Privatem aufheben?<\/p>\n<p>Das Festival m\u00f6chte offenlegen, wie Planer und Bauunternehmer, Wohnungsbaugenossenschaften und Baugruppen\/Baugemeinschaften bestehende Architekturen umgestalten und ungew\u00f6hnliche hybride Live-Work-Konstellationen f\u00fcr Neubauten entwickeln. Make City interessiert sich daher f\u00fcr kollektive und kooperative Formen des Bauens und f\u00fcr die Frage, wie die Regeln f\u00fcr Nutzungsmischungen umgestaltet werden m\u00fcssen, damit Gewinnstreben mit sozialer Verantwortlichkeit einhergehen kann. Dar\u00fcber hinaus m\u00f6chte das Festival das Bewusstsein f\u00fcr alternative Wege zu neuer Architektur sch\u00e4rfen.<\/p>\n<p>Die <a href=\"?page_id=6439&#038;f=mco\">Make City Open <\/a>Touren zu neuen Geb\u00e4uden, Siedlungen und urbanen Landschaften verk\u00f6rpern diese Haltung. Sie lassen den gesamten Stadtraum zu einem Ort der Entdeckung werden \u2013 f\u00fcr neue Architektur und f\u00fcr neue Konzepte des Wohnens und Arbeitens im urbanen Kontext.<\/p>\n<p><a class=\"mybtn braun hb\" style=\"width: 290px;\" href=\"?page_id=6439&amp;t=na\">VERANSTALTUNGEN SEHEN<\/a><\/th>\n","protected":false},"excerpt":{"rendered":"<p class=\"excerpt\">Berlin leidet \u00e4hnlich wie andere europ\u00e4ische Hauptst\u00e4dte unter einem enormen Wohnungsmangel. Die Zahl der Menschen, [&hellip;]<\/p>\n","protected":false},"author":14,"featured_media":0,"parent":0,"menu_order":0,"comment_status":"closed","ping_status":"closed","template":"template-thema.php","meta":{"_acf_changed":false,"footnotes":""},"class_list":["post-6495","page","type-page","status-publish","hentry"],"acf":[],"_links":{"self":[{"href":"https:\/\/makecity.berlin\/2015\/wp-json\/wp\/v2\/pages\/6495"}],"collection":[{"href":"https:\/\/makecity.berlin\/2015\/wp-json\/wp\/v2\/pages"}],"about":[{"href":"https:\/\/makecity.berlin\/2015\/wp-json\/wp\/v2\/types\/page"}],"author":[{"embeddable":true,"href":"https:\/\/makecity.berlin\/2015\/wp-json\/wp\/v2\/users\/14"}],"replies":[{"embeddable":true,"href":"https:\/\/makecity.berlin\/2015\/wp-json\/wp\/v2\/comments?post=6495"}],"version-history":[{"count":23,"href":"https:\/\/makecity.berlin\/2015\/wp-json\/wp\/v2\/pages\/6495\/revisions"}],"predecessor-version":[{"id":13544,"href":"https:\/\/makecity.berlin\/2015\/wp-json\/wp\/v2\/pages\/6495\/revisions\/13544"}],"wp:attachment":[{"href":"https:\/\/makecity.berlin\/2015\/wp-json\/wp\/v2\/media?parent=6495"}],"curies":[{"name":"wp","href":"https:\/\/api.w.org\/{rel}","templated":true}]}}