{"id":6489,"date":"2015-03-28T14:16:55","date_gmt":"2015-03-28T13:16:55","guid":{"rendered":"http:\/\/www.lisabaur.com\/berlin\/?page_id=6489"},"modified":"2015-05-04T11:27:03","modified_gmt":"2015-05-04T09:27:03","slug":"gemeinsam-gestalten","status":"publish","type":"page","link":"https:\/\/makecity.berlin\/2015\/gemeinsam-gestalten\/","title":{"rendered":"Gemeinsam gestalten"},"content":{"rendered":"<p>Im Zusammenhang mit der Gestaltung von St\u00e4dten von Urban Open Source zu sprechen, mag auf den ersten Blick ein wenig idealistisch erscheinen. Die Vorstellung, dass eine gro\u00dfe Anzahl von Menschen sich an der Entwicklung neuer st\u00e4dtischer Codes beteiligt \u2013 unabh\u00e4ngig davon, ob damit verschiedene Formen der Raumnutzung, die Aneignung vorhandener Architektur oder die Ausarbeitung von neuen Geb\u00e4udevorschriften gemeint ist \u2013 setzt ein beinahe unheimlich anmutendes reibungsloses Zusammenfallen von Transparenz, gemeinsamen Zielen und kollektiver Expertise voraus.<\/p>\n<p\/>\n<p>\nSeit die Finanzkrise sich in den letzten Jahren festgesetzt hat, kamen die Idealisten allerdings nicht umhin, Realit\u00e4tsanpassungen vorzunehmen. Die Austerit\u00e4tspolitik der St\u00e4dte als Antwort auf die Rezession hat dazu gef\u00fchrt, dass Stadtbewohner neue Initiativen entwickelt haben, mit denen sie selbst Kontrolle ergreifen und Ver\u00e4nderungsprozesse in ihren Gemeinschaften steuern. Die damit verbundenen unwiderruflichen Verschiebungen haben ihrerseits zu einem grunds\u00e4tzlichen \u00dcberdenken von Entscheidungsabl\u00e4ufen und der Art des Stadtmanagement gef\u00fchrt.<\/p>\n<p\/>\n<p>\nDie Analogie der Codeentwickelung dient Make City als ein Analyseinstrument, mit dem sich hervorragend untersuchen l\u00e4sst, \u00fcber welche Wege Stadtbewohner an Planungsprozesse beteiligt sind; wie sie sich f\u00fcr ein gemeinsames Projekt engagieren und gemeinsam Gestalten k\u00f6nnen. Gestalter verf\u00fcgen derzeit \u00fcber die Werkzeuge, um Entwurfsprozesse offen und transparent zu machen und andere daran teilhaben zu lassen. Und soziale Medien machen es mit bisher unvorstellbarer Schnelligkeit und Reichweite m\u00f6glich, neue Ideen durch Crowdfunding zu finanzieren oder politische Petitionen gegen unpopul\u00e4re Ma\u00dfnahmen zu organisieren.<\/p>\n<p\/>\n<p>\nIn Berlin hat die Nutzung dieser M\u00f6glichkeiten der Beteiligung dazu gef\u00fchrt, dass statt der Ver\u00e4u\u00dferung von \u00f6ffentlichen Liegenschaften an den Meistbietenden ein Konzeptverfahren eingef\u00fchrt wurde \u2013 in Reaktion auf das Engagement von B\u00fcrgern. Immobilieninvestoren und Architekten m\u00fcssen sich zunehmend darauf einstellen, dass Partizipation durch zuk\u00fcnftige Bewohner zu einem unumg\u00e4nglichen Gebot ihrer T\u00e4tigkeit wird.<\/p>\n<p\/>\n<a class=\"mybtn lila hb\" style=\"width: 290px;\" href=\"?page_id=6439&#038;t=gg\">VERANSTALTUNGEN SEHEN<\/a><\/p>\n","protected":false},"excerpt":{"rendered":"<p class=\"excerpt\">Im Zusammenhang mit der Gestaltung von St\u00e4dten von Urban Open Source zu sprechen, mag auf [&hellip;]<\/p>\n","protected":false},"author":14,"featured_media":0,"parent":0,"menu_order":0,"comment_status":"closed","ping_status":"closed","template":"template-thema.php","meta":{"_acf_changed":false,"footnotes":""},"class_list":["post-6489","page","type-page","status-publish","hentry"],"acf":[],"_links":{"self":[{"href":"https:\/\/makecity.berlin\/2015\/wp-json\/wp\/v2\/pages\/6489"}],"collection":[{"href":"https:\/\/makecity.berlin\/2015\/wp-json\/wp\/v2\/pages"}],"about":[{"href":"https:\/\/makecity.berlin\/2015\/wp-json\/wp\/v2\/types\/page"}],"author":[{"embeddable":true,"href":"https:\/\/makecity.berlin\/2015\/wp-json\/wp\/v2\/users\/14"}],"replies":[{"embeddable":true,"href":"https:\/\/makecity.berlin\/2015\/wp-json\/wp\/v2\/comments?post=6489"}],"version-history":[{"count":24,"href":"https:\/\/makecity.berlin\/2015\/wp-json\/wp\/v2\/pages\/6489\/revisions"}],"predecessor-version":[{"id":13545,"href":"https:\/\/makecity.berlin\/2015\/wp-json\/wp\/v2\/pages\/6489\/revisions\/13545"}],"wp:attachment":[{"href":"https:\/\/makecity.berlin\/2015\/wp-json\/wp\/v2\/media?parent=6489"}],"curies":[{"name":"wp","href":"https:\/\/api.w.org\/{rel}","templated":true}]}}