{"id":6486,"date":"2015-03-28T13:41:24","date_gmt":"2015-03-28T12:41:24","guid":{"rendered":"http:\/\/www.lisabaur.com\/berlin\/?page_id=6486"},"modified":"2017-01-24T11:01:40","modified_gmt":"2017-01-24T10:01:40","slug":"urbanes-gemeingut","status":"publish","type":"page","link":"https:\/\/makecity.berlin\/2015\/urbanes-gemeingut\/","title":{"rendered":"Urbanes Gemeingut"},"content":{"rendered":"<p>Berlin ist seit Jahren ein Ort, an dem Landschaftstransformationen vorgenommen werden, wo spontane Aneignungen von Fl\u00e4chen und R\u00e4umen stattfinden und neue st\u00e4dtische Prototypen erprobt werden &#8211; von Tempelhof und Tegel bis zu den gro\u00dfen st\u00e4dtischen Brachen, auf denen einst die Mauer verlief.<\/p>\n<p>Vor diesem Hintergrund hat Make City sich vorgenommen, das Konzept urbaner Gemeing\u00fcter (engl.: urban commons) neu zu beleuchten, das hei\u00dft jener Fl\u00e4chen, R\u00e4ume und st\u00e4dtischen Ressourcen, die die B\u00fcrger gemeinsam nutzen und erleben.<\/p>\n<p>St\u00e4dte werden heutzutage immer \u00f6fter als Unternehmen gef\u00fchrt, die wirtschaftliches Wachstum anstreben und ihre Wettbewerbsf\u00e4higkeit verbessern sollen. Der Begriff des Gemeinguts gewinnt hier erheblich an Bedeutung, sofern er als politischer Prozess verstanden wird, als \u201eein Akt der Herstellung und Aneignung dessen, was wir kollektiv bewirtschaften\u201c, so Michael Hardt, amerikanischer Literaturtheoretiker und Philosoph. Die urbanen Gemeing\u00fcter lassen sich als Freir\u00e4ume der Zivilgesellschaft betrachten und idealerweise auch als Orte, an denen ein freier Austausch von Ideen m\u00f6glich ist. Der Akt des Gemeinschaffens besteht in dem kollektiven Vorhaben, entsprechende Fl\u00e4chen und R\u00e4ume neu zu erfinden und neu zu denken.<\/p>\n<p>Das Festival bringt Architekten und Designer zusammen mit Denkern, die sich f\u00fcr dieses soziale Projekt engagieren, die dazu beitragen wollen, soziale \u00d6kosysteme zu schaffen und gemeinschaftliche urbane Fl\u00e4chen und R\u00e4ume zur\u00fcckzufordern.<\/p>\n<p>Zeitgen\u00f6ssische Landschaftsgestaltungen sind ein wichtiger Teil dieser Neuschaffung und Neugestaltung urbaner Gemeing\u00fcter. Die zivile \u00d6konomie \u2013 und alle, die alternative Formen von Gemeinschaft und Handel voranbringen wollen \u2013 liefert ebenfalls wesentliche Anst\u00f6\u00dfe f\u00fcr die Debatte \u00fcber urbane Gemeing\u00fcter. Make City pr\u00e4sentiert zahlreiche Beispiele\u00a0f\u00fcr Gemeinschaffen und die Instrumente, die n\u00f6tig sind, um\u00a0gemeinschaftliche Fl\u00e4chen, R\u00e4ume und Ressourcen im Stadtraum neu zu gestaltet und zu denken.<\/p>\n<p>IMAGE: P\u00e9age Sauvage for Estuaire, Nantes by Observatorium, Rotterdam<\/p>\n<p><a class=\"mybtn grun hb\" style=\"width: 290px;\" href=\"?page_id=6439&amp;t=ug\">VERANSTALTUNGEN SEHEN<\/a><\/p>\n","protected":false},"excerpt":{"rendered":"<p class=\"excerpt\">Berlin ist seit Jahren ein Ort, an dem Landschaftstransformationen vorgenommen werden, wo spontane Aneignungen von [&hellip;]<\/p>\n","protected":false},"author":14,"featured_media":0,"parent":0,"menu_order":0,"comment_status":"closed","ping_status":"closed","template":"template-thema.php","meta":{"_acf_changed":false,"footnotes":""},"class_list":["post-6486","page","type-page","status-publish","hentry"],"acf":[],"_links":{"self":[{"href":"https:\/\/makecity.berlin\/2015\/wp-json\/wp\/v2\/pages\/6486"}],"collection":[{"href":"https:\/\/makecity.berlin\/2015\/wp-json\/wp\/v2\/pages"}],"about":[{"href":"https:\/\/makecity.berlin\/2015\/wp-json\/wp\/v2\/types\/page"}],"author":[{"embeddable":true,"href":"https:\/\/makecity.berlin\/2015\/wp-json\/wp\/v2\/users\/14"}],"replies":[{"embeddable":true,"href":"https:\/\/makecity.berlin\/2015\/wp-json\/wp\/v2\/comments?post=6486"}],"version-history":[{"count":26,"href":"https:\/\/makecity.berlin\/2015\/wp-json\/wp\/v2\/pages\/6486\/revisions"}],"predecessor-version":[{"id":16477,"href":"https:\/\/makecity.berlin\/2015\/wp-json\/wp\/v2\/pages\/6486\/revisions\/16477"}],"wp:attachment":[{"href":"https:\/\/makecity.berlin\/2015\/wp-json\/wp\/v2\/media?parent=6486"}],"curies":[{"name":"wp","href":"https:\/\/api.w.org\/{rel}","templated":true}]}}