{"id":6454,"date":"2015-03-25T17:54:37","date_gmt":"2015-03-25T16:54:37","guid":{"rendered":"http:\/\/www.lisabaur.com\/berlin\/?page_id=6454"},"modified":"2017-01-05T14:43:58","modified_gmt":"2017-01-05T13:43:58","slug":"presse","status":"publish","type":"page","link":"https:\/\/makecity.berlin\/2015\/presse\/","title":{"rendered":"Jobs &#038; Presse"},"content":{"rendered":"<h4>Stellenausschreibungen<\/h4>\n<p style=\"margin-top: 50px;\">Hier finden Sie aktuelle Stellenausschreibungen:<\/p>\n<p><strong>PRAKTIKUM \/ Werkstudent*in (40%) &#8211; Werkvertragsbasis, ab sofort, <\/strong><strong>sp\u00e4testens 02\/2017 bei der Make _Shift gGmbH <\/strong><\/p>\n<p>Studierende der Visuellen Kommunikation, Architektur, Urban Design, Stadt\/Regionalplanung und Kulturwissenschaften f\u00fcr Recherche-\u00a0 und Visualisierungsaufgaben.<\/p>\n<p>F\u00fcr die Erstellung von Grafiken, Pr\u00e4sentationen, Print-Materialen, Recherchen f\u00fcr die konzeptionelle Weiterentwicklung sowie Unterst\u00fctzung bei Workshops und F\u00f6rderantr\u00e4gen bei vielf\u00e4ltigen Projekten im Bereich der Stadtentwicklung Berlins sucht die gemeinn\u00fctzige Make_Shift GmbH eine Werkstudent*in.<\/p>\n<p><em>Kriterien<\/em><\/p>\n<li>Sehr gute F\u00e4higkeiten im Visualisieren, Erfahrung mit Adobe Photoshop, Indesign und MS Excel,<\/li>\n<li>Strukturiertes, selbst\u00e4ndiges und proaktives Arbeiten,<\/li>\n<li>Gute Kommunikationsf\u00e4higkeiten und Social-Media-Kompetenz,<\/li>\n<li>Interesse am aktuellen Architektur- und Stadtdiskurs.<\/li>\n<p>&nbsp;<\/p>\n<p><em>Aussichten<\/em><\/p>\n<p>Redaktions- und Kommunikationsassistenz f\u00fcr das Make City Festival 2018 (inkl. Vorbereitungsphase)<\/p>\n<p><strong>Bitte schicken Sie die Bewerbung (kurzer Lebenslauf, 2-3 Arbeitsproben) bitte so schnell wie m\u00f6glich, sp\u00e4testens zum 16.02.2017, als pdf per E-mail:\u00a0 production@make-shift.info<\/strong><\/p>\n<h4><\/h4>\n<h4>Presse<\/h4>\n<p style=\"margin-top: 50px;\">Der Pressebereich bietet Journalisten die M\u00f6glichkeit Bilder herunterzuladen. Bitte beachten Sie, dass die honorarfreie Nutzung des Bildmaterials nur im Rahmen der redaktionellen Berichterstattung zum Architekturfestival MAKE CITY 2015 und nur mit vollst\u00e4ndiger Bildunterschrift verwendet werden darf. Die Abbildungen d\u00fcrfen nicht ver\u00e4ndert oder beschnitten werden. Die digitale Verwendung der Bilder ist nur mit einer Aufl\u00f6sung von maximal 72 dpi gestattet. \u00dcber Hinweise auf Ver\u00f6ffentlichungen und Belegexemplare freuen wir uns.<\/p>\n<p>&nbsp;<\/p>\n<h4>Pressemappe 9. Juni 2015<\/h4>\n<div class=\"\"><a href=\"http:\/\/makecity.berlin\/wp-content\/uploads\/2015\/06\/1_Pressemitteilung_MakeCity_09062015_DE.pdf\" target=\"_blank\">1_Pressemitteilung_MakeCity_09062015_DE.pdf<\/a><\/div>\n<div class=\"\"><a href=\"http:\/\/makecity.berlin\/wp-content\/uploads\/2015\/06\/2_QA_MakeCity_DE.pdf\" target=\"_blank\">2_Q&amp;A_MakeCity_DE.pdf<\/a><\/div>\n<div class=\"\">\n<div class=\"\"><a href=\"http:\/\/makecity.berlin\/wp-content\/uploads\/2015\/06\/3_Zitate_MakeCity_DE.pdf\" target=\"_blank\">3_Zitate_MakeCity_DE.pdf<\/a><\/div>\n<div class=\"\"><a href=\"http:\/\/makecity.berlin\/wp-content\/uploads\/2015\/06\/4_MAKECITY_FZ_Programm_DE.pdf\" target=\"_blank\">4_MAKECITY_FZ_Programm_DE.pdf<\/a><\/div>\n<div class=\"\"><a href=\"http:\/\/makecity.berlin\/wp-content\/uploads\/2015\/06\/5_MAKECITY_Studio-Talks.pdf\">5_MAKECITY_Studio Talks.pdf<\/a><\/div>\n<div class=\"\"><a href=\"http:\/\/makecity.berlin\/wp-content\/uploads\/2015\/06\/6_MAKECITY_MCO.pdf\" target=\"_blank\">6_MAKECITY_MCO.pdf<\/a><\/div>\n<div class=\"\"><a href=\"http:\/\/makecity.berlin\/wp-content\/uploads\/2015\/06\/7_MAKECITY_HUBs.pdf\" target=\"_blank\">7_MAKECITY_HUBs.pdf<\/a><\/div>\n<div class=\"\"><a href=\"http:\/\/makecity.berlin\/wp-content\/uploads\/2015\/06\/8_MAKECITY_Kinderprogramm.pdf\" target=\"_blank\">8_MAKECITY_Kinderprogramm.pdf<\/a><\/div>\n<div class=\"\"><a href=\"http:\/\/makecity.berlin\/wp-content\/uploads\/2015\/06\/9_Factsheet_MakeCity.pdf\" target=\"_blank\">9_Factsheet_MakeCity_DE.pdf<\/a><\/div>\n<div class=\"\"><\/div>\n<div class=\"\">\n<h4>Bilder zur Pressekonferenz am 9 Juni<\/h4>\n<p><a href=\"http:\/\/makecity.berlin\/wp-content\/uploads\/2015\/06\/Pressekonferenz_9JUN_Francesca_Ferguson_Initiatorin_Make_City1.jpg\" target=\"_blank\">Pressekonferenz_9JUN_Francesca_Ferguson_(Initiatorin_Make_City).JPG<br \/>\n<\/a><a href=\"http:\/\/makecity.berlin\/wp-content\/uploads\/2015\/06\/Pressekonferenz_9JUN_Portrait_Francesca_Ferguson_Initiatorin_Make_City1.jpg\" target=\"_blank\">Pressekonferenz_9JUN_Portrait_Francesca_Ferguson_(Initiatorin_Make_City).JPG<br \/>\n<\/a><a style=\"line-height: 1.5;\" href=\"http:\/\/makecity.berlin\/wp-content\/uploads\/2015\/06\/Pressekonferenz_9JUN_Francesca_Ferguson_Initiatorin_Make_City__Sabine_Drewes_Heinrich-B\u00f6ll-Stiftung_vlnr1.jpg\" target=\"_blank\">Pressekonferenz_9JUN_Francesca_Ferguson_(Initiatorin_Make_City)_&amp;_Sabine_Drewes_(Heinrich-B\u00f6ll-Stiftung)_vlnr.JPG<br \/>\n<\/a><a href=\"http:\/\/makecity.berlin\/wp-content\/uploads\/2015\/06\/Pressekonferenz_9JUN_Matthew_Griffin__Britta_J\u00fcrgens_Deadline_Architects_vlnr.jpg\" target=\"_blank\">Pressekonferenz_9JUN_Matthew_Griffin_&amp;_Britta_J\u00fcrgens_(Deadline_Architects)_vlnr.JPG<br \/>\n<\/a><a href=\"http:\/\/makecity.berlin\/wp-content\/uploads\/2015\/06\/Pressekonferenz_9JUN_Make_City_Gruendungspartner.jpg\" target=\"_blank\">Pressekonferenz_9JUN_Make_City_Gruendungspartner<\/a><\/p>\n<\/div>\n<div class=\"\"><\/div>\n<\/div>\n<h4>Pressemitteilung<\/h4>\n<p><span style=\"color: #808080;\"><strong><a title=\"Pressemitteilung: Make City endet erfolgreich\" href=\"http:\/\/makecity.berlin\/wp-content\/uploads\/2015\/06\/Pressemitteilung_MakeCity_1506221.pdf\" target=\"_blank\">Pressemitteilung: Make City endet erfolgreich, 29. Juni 2015<\/a><a href=\"http:\/\/makecity.berlin\/wp-content\/uploads\/2015\/06\/Pressemitteilung_MakeCity_150622.pdf\" target=\"_blank\"><br \/>\nPressemitteilung: 5.000 Besucher zur Halbzeit, Ausblick 22.-28. Juni 2015<\/a><a href=\"http:\/\/makecity.berlin\/wp-content\/uploads\/2015\/06\/Pressemitteilung_15JUN_Wochenausblick.pdf\" target=\"_blank\"><br \/>\nPressemitteilung: Wochenausblick 15. Juni 2015<\/a><a style=\"color: #808080;\" href=\"http:\/\/makecity.berlin\/wp-content\/uploads\/2015\/03\/MakeCity_-Einladung_Pressekonferenz09062015.pdf\" target=\"_blank\"><br \/>\nEinladung: Pressekonferenz am 9. Juni 2015<\/a><\/strong><\/span><br \/>\n<span style=\"color: #808080;\"> <strong> <a style=\"color: #808080;\" title=\"Pressemitteilung: Kernthemen \u2013 11. Mai 2015Make-City-Kernthemen_11.05.2015_DE.pdf\" href=\"http:\/\/makecity.berlin\/wp-content\/uploads\/2015\/05\/Pressemitteilung_Make-City-Kernthemen_11.05.2015_DE.pdf\" target=\"_blank\">Pressemitteilung: Kernthemen vom 11. Mai 2015<\/a><\/strong><\/span><br \/>\n<span style=\"color: #808080;\"> <strong> <a style=\"color: #808080;\" href=\"..\/wp-content\/uploads\/presse\/Pressemitteilung_MakeCity_09042015.pdf\" target=\"_blank\">Pressemitteilung: Make City vom 9. April 2015<\/a><\/strong><\/span><\/p>\n<h4>\u00dcbersicht<\/h4>\n<p><a href=\"http:\/\/makecity.berlin\/wp-content\/uploads\/2015\/03\/MAKE-CITY-Press-Image-Overview1.pdf\">MAKE CITY Press Image Overview<\/a><\/p>\n<h4>Hauptbilder<\/h4>\n<p>Park am Gleisdreieck, Berlin<br \/>\n<strong><a href=\"..\/wp-content\/uploads\/presse\/General_Park_am_Gleisdreieck_JulienLanoo_72dpi.jpg\" target=\"_blank\">72 dpi<\/a>\/<a href=\"..\/wp-content\/uploads\/presse\/General_Park_am_Gleisdreieck_JulienLanoo_300dpi.jpg\" target=\"_blank\">300 dpi<\/a><\/strong> \u00a9 Julien Lanoo<br \/>\nM\u00e9rida youth factory, M\u00e9rida, Spanien<br \/>\n<strong><a href=\"..\/wp-content\/uploads\/presse\/General_Merida_youth_factory_Iwan_Baan_72dpi.jpg\" target=\"_blank\">72 dpi<\/a>\/<a href=\"..\/wp-content\/uploads\/presse\/General_Merida_youth_factory_Iwan_Baan_300dpi.jpg\" target=\"_blank\">300 dpi<\/a><\/strong> \u00a9 Iwan Baan<br \/>\nSuperkilen, Kopenhagen<br \/>\n<strong><a href=\"..\/wp-content\/uploads\/2015\/03\/General_Superkilen_Iwan-Baan_72dpi.jpg\" target=\"_blank\">72 dpi<\/a>\/<a href=\"..\/wp-content\/uploads\/2015\/03\/General_Superkilen_Iwan-Baan_300dpi.jpg\" target=\"_blank\">300 dpi<\/a><\/strong> \u00a9 Iwan Baan<\/p>\n<h4>Urbanes Gemeingut<\/h4>\n<p>Allmende Kontor: Gemeinschaftsg\u00e4rten, Tempelhofer Feld, Berlin<br \/>\n<strong><a href=\"..\/wp-content\/uploads\/2015\/03\/UC_Allmende-Kontor_\u00a9Michael-Jungblut_72dpi.jpg\" target=\"_blank\">72 dpi<\/a>\/<a href=\"..\/wp-content\/uploads\/2015\/04\/UC_Allmende_Kontor_Michael_Jungblut_300dpi.jpg\" target=\"_blank\">300 dpi<\/a><\/strong> \u00a9 Michael Jungblut<br \/>\nEl Campo de Cebada: Selbstgestalter vom \u00f6ffentlichen Raum, Madrid<br \/>\n<strong><a href=\"..\/wp-content\/uploads\/2015\/03\/UC_El-Campo-de-Cebada1_\u00a9SA_Zuark_72dpi.jpg\" target=\"_blank\">72 dpi<\/a>\/<a href=\"..\/wp-content\/uploads\/2015\/04\/UC_El_Campo_de_Cebada1_SA_Zuark_300dpi.jpg\" target=\"_blank\">300 dpi<\/a><\/strong> \u00a9 Zuloark<br \/>\nEl Campo de Cebada: Gemeingut definieren, Madrid<br \/>\n<strong><a href=\"..\/wp-content\/uploads\/2015\/04\/UC_El_Campo_de_Cebada2_SA_Zuark_72dpi.jpg\" target=\"_blank\">72 dpi<\/a>\/<a href=\"..\/wp-content\/uploads\/2015\/04\/UC_El_Campo_de_Cebada2_SA_Zuark_300dpi.jpg\" target=\"_blank\">300 dpi<\/a><\/strong> \u00a9 Zuloark<br \/>\nPark am Gleisdreieck, Berlin<br \/>\n<strong><a href=\"..\/wp-content\/uploads\/2015\/03\/UC_Park-am-Gleisdreieck_\u00a9Julien_Lanoo_72dpi.jpg\" target=\"_blank\">72 dpi<\/a>\/<a href=\"..\/wp-content\/uploads\/2015\/04\/UC_Park_am_Gleisdreieck_Julien_Lanoo_300dpi.jpg\" target=\"_blank\">300 dpi<\/a><\/strong> \u00a9 Julien Lanoo<br \/>\nTafelgarten, Hamburger Bahnhof, Berlin<br \/>\n<strong><a href=\"..\/wp-content\/uploads\/2015\/03\/UC_Tafelgarten_\u00a9Atelier-Le-Balto_72dpi.jpg\" target=\"_blank\">72 dpi<\/a>\/<a href=\"..\/wp-content\/uploads\/2015\/04\/UC_Tafelgarten_Atelier_Le_Balto_300dpi.jpg\" target=\"_blank\">300 dpi<\/a><\/strong> \u00a9 Atelier Le Balto<\/p>\n<h4>Gemeinsam Gestalten<\/h4>\n<p>Allmende Kontor: Gemeinschaftsg\u00e4rten, Tempelhofer Feld, Berlin<br \/>\n<strong><a href=\"..\/wp-content\/uploads\/2015\/03\/UC_Allmende-Kontor_\u00a9Michael-Jungblut_72dpi.jpg\" target=\"_blank\">72 dpi<\/a>\/<a href=\"..\/wp-content\/uploads\/2015\/04\/UC_Allmende_Kontor_Michael_Jungblut_300dpi.jpg\" target=\"_blank\">300 dpi<\/a><\/strong> \u00a9 Michael Jungblut<br \/>\nDiskussion am Tempelhofer Feld, Berlin<br \/>\n<strong><a href=\"..\/wp-content\/uploads\/2015\/04\/UOS_Disskussion_Tempelhofer_Feld_Ana_Lisa_Alperovich_72dpi.jpg\" target=\"_blank\">72 dpi<\/a>\/<a href=\"..\/wp-content\/uploads\/2015\/04\/UOS_Disskussion_Tempelhofer_Feld_Ana_Lisa_Alperovich_300dpi.jpg\" target=\"_blank\">300 dpi<\/a><\/strong> \u00a9 Ana Lisa Alperovich<br \/>\nEl Campo de Cebada: Gemeingut definieren, Madrid<br \/>\n<strong><a href=\"..\/wp-content\/uploads\/2015\/04\/UC_El_Campo_de_Cebada2_SA_Zuark_72dpi.jpg\" target=\"_blank\">72 dpi<\/a>\/<a href=\"..\/wp-content\/uploads\/2015\/04\/UC_El_Campo_de_Cebada2_SA_Zuark_300dpi.jpg\" target=\"_blank\">300 dpi<\/a><\/strong> \u00a9 Zuloark<br \/>\nLuchtsingel, eine durch Crowdfunding finanzierte Br\u00fccke in Rotterdam<br \/>\n<strong><a href=\"..\/wp-content\/uploads\/2015\/03\/UOS_Luchtsingel_\u00a9Zones-Urbaines-Sensibles_72dpi.jpg\" target=\"_blank\">72 dpi<\/a>\/<a href=\"..\/wp-content\/uploads\/2015\/04\/UOS_Luchtsingel_Zones_Urbaines_Sensibles_300dpi.jpg\" target=\"_blank\">300 dpi<\/a><\/strong> \u00a9 Zones Urbaines Sensibles<br \/>\nStadtneudenken, Berlin<br \/>\n<strong><a href=\"..\/wp-content\/uploads\/2015\/03\/UOS_Stadtneudenken_\u00a9Stadt-Neudenken_72dpi.jpg\" target=\"_blank\">72 dpi<\/a>\/<a href=\"..\/wp-content\/uploads\/2015\/04\/UOS_Stadtneudenken_Stadt_Neudenken_300dpi.jpg\" target=\"_blank\">300 dpi<\/a><\/strong> \u00a9 Zuloark<br \/>\nStadtpioniere, Flughafen Heathrow<br \/>\n<strong><a href=\"..\/wp-content\/uploads\/2015\/03\/UOS_Stadtpioniere_\u00a9The-Architecure-Foundation_72dpi.jpg\" target=\"_blank\">72 dpi<\/a>\/<a href=\"..\/wp-content\/uploads\/2015\/04\/UOS_Stadtpioniere_The_Architecture_Foundation_300dpi.jpg\" target=\"_blank\">300 dpi<\/a><\/strong> \u00a9 The Architecture Foundation<\/p>\n<h4>Neues Wohnen und Arbeiten<\/h4>\n<p>Landesarchiv NRW, Duisburg<br \/>\n<strong><a href=\"..\/wp-content\/uploads\/2015\/03\/LW_LandesarchivNRW_\u00a9Thomas-Mayer_\u00a972dpi.jpg\" target=\"_blank\">72 dpi<\/a>\/<a href=\"..\/wp-content\/uploads\/2015\/04\/LW_LandesarchivNRW_Thomas_Mayer_300dpi.jpg\" target=\"_blank\">300 dpi<\/a><\/strong> \u00a9 Thomas Mayer<br \/>\nR50 &#8211; Cohousing, Berlin<br \/>\n<strong><a href=\"..\/wp-content\/uploads\/2015\/03\/LW_R50_\u00a9Andrew-Alberts_72dpi.jpg\" target=\"_blank\">72 dpi<\/a>\/<a href=\"..\/wp-content\/uploads\/2015\/04\/LW_R50_Andrew_Alberts_300dpi.jpg\" target=\"_blank\">300 dpi<\/a><\/strong> \u00a9 Andrew Alberts<br \/>\nUrbaner Holzbau &#8211; C13, Berlin<br \/>\n<strong><a href=\"..\/wp-content\/uploads\/2015\/03\/LW_UrbanerHolzbau_\u00a9Berndt-Borchardt_72dpi.jpg\" target=\"_blank\">72 dpi<\/a>\/<a href=\"..\/wp-content\/uploads\/2015\/04\/LW_UrbanerHolzbau_Berndt_Borchardt_300dpi.jpg\" target=\"_blank\">300 dpi<\/a><\/strong> \u00a9 Berndt Borchardt<br \/>\nHinterhof 2.0: innerst\u00e4dtisch produzieren, Berlin<br \/>\n<strong><a href=\"..\/wp-content\/uploads\/2015\/03\/LW_Hinterhof2.0_\u00a9Artis-Engineering_72dpi.jpg\" target=\"_blank\">72 dpi<\/a>\/<a href=\"..\/wp-content\/uploads\/2015\/04\/LW_Hinterhof2_0_Artis_Engineering_300dpi.jpg\" target=\"_blank\">300 dpi<\/a><\/strong> \u00a9 Roswag Architekten<\/p>\n<h4>Hubs<\/h4>\n<p>Heinrich B\u00f6ll Stiftung, Berlin<br \/>\n<strong><a href=\"..\/wp-content\/uploads\/2015\/03\/HUB_03_B\u00f6ll_\u00a9Jan-Bitter_72dpi.jpg\" target=\"_blank\">72 dpi<\/a>\/<a href=\"..\/wp-content\/uploads\/2015\/03\/HUB_03_B\u00f6ll_\u00a9Jan-Bitter_300dpi.jpg\" target=\"_blank\">300 dpi<\/a><\/strong> \u00a9 Jan Bitter<br \/>\nHeinrich B\u00f6ll Stiftung: Partizipative Stadtentwicklung international. Der Makoko Regeneration Plan, Lagos, Nigeria<br \/>\n<strong><a href=\"..\/wp-content\/uploads\/2015\/03\/140120_MAK_visualizations_organic-waste-picking_1_logo_klein.jpg\" target=\"_blank\">72 dpi<\/a>\/<a href=\"..\/wp-content\/uploads\/2015\/03\/140120_MAK_visualizations_organic-waste-picking_1_logo_web_gross.jpg\" target=\"_blank\">300 dpi<\/a><\/strong> \u00a9 Fabulous Urban<br \/>\nHeinrich B\u00f6ll Stiftung: Top Down oder Bottom Up? Lehren von der ber\u00fchmtesten Baustelle der Bundesrepublik<br \/>\n<strong><a href=\"..\/wp-content\/uploads\/2015\/03\/Partizipation_klein.jpg\" target=\"_blank\">72 dpi<\/a>\/<a href=\"..\/wp-content\/uploads\/2015\/03\/Partizipation_web_gross.jpg\" target=\"_blank\">300 dpi<\/a><\/strong> \u00a9 Diana Muschiol<br \/>\nDeutsches Architektur Zentrum: URBAN LIVING &#8211; From Self-Made City to Future Strategies<br \/>\n<strong><a href=\"..\/wp-content\/uploads\/2015\/03\/HUB_05_DAZ_\u00a9AAPROJECTS_72dpi.jpg\">72 dpi<\/a>\/<a href=\"..\/wp-content\/uploads\/2015\/04\/HUB_05_DAZ_AAPROJECTS_300dpi.jpg\" target=\"_blank\">300 dpi<\/a><\/strong> \u00a9 AAPROJECTS<br \/>\nItalienisches Kulturinstitut: La Citt\u00e0 Aperta &#8211; Citt\u00e0 del Sole in Rom<br \/>\n<strong><a href=\"..\/wp-content\/uploads\/2015\/03\/HUB_10_Ital_\u00a9Labics_72dpi.jpg\" target=\"_blank\">72 dpi<\/a>\/<a href=\"..\/wp-content\/uploads\/2015\/04\/HUB_10_Ital_Labics_300dpi.jpg\" target=\"_blank\">300 dpi<\/a><\/strong> \u00a9 Labics<br \/>\nTechnische Universit\u00e4t Berlin: Beware of Smart People! Occupy Central, Hongkong<br \/>\n<strong><a href=\"..\/wp-content\/uploads\/2015\/03\/HUB_17_TU_\u00a9Marc-Latzel_72dpi.jpg\" target=\"_blank\">72 dpi<\/a>\/<a href=\"..\/wp-content\/uploads\/2015\/04\/HUB_17_TU_Marc_Latzel_300dpi.jpeg\" target=\"_blank\">300 dpi<\/a><\/strong> \u00a9 Marc Latzel<br \/>\nRum\u00e4nisches Kulturinsitut: Shelter aus Pappkartons<br \/>\n<strong><a href=\"..\/wp-content\/uploads\/2015\/03\/HUB_Rum\u00e4nischesKulturinstitut_Shelter_72dpi.jpg\" target=\"_blank\">72 dpi<\/a>\/<a href=\"..\/wp-content\/uploads\/2015\/03\/HUB_Rum\u00e4nischesKulturinstitut_Shelter_300dpi.jpg\" target=\"_blank\">300 dpi<\/a><\/strong> \u00a9 Des ch\u00e2teaux en l&#8217;air<br \/>\nElegant Embellishments: Deutschlands erste Maker Library<br \/>\n<strong><a href=\"..\/wp-content\/uploads\/2015\/03\/HUB_MakerLibrary_72dpi.jpg\" target=\"_blank\">72 dpi<\/a>\/<a href=\"..\/wp-content\/uploads\/2015\/03\/HUB_MakerLibrary_300dpi.jpg\" target=\"_blank\">300 dpi<\/a><\/strong> \u00a9 Maker Library<br \/>\nBauh\u00fctte S\u00fcdliche Friedrichstadt, Berlin<br \/>\n<strong><a href=\"..\/wp-content\/uploads\/2015\/03\/HUB_Bauh\u00fctte_Deadline_72dpi.jpg\" target=\"_blank\">72 dpi<\/a>\/<a href=\"..\/wp-content\/uploads\/2015\/03\/HUB_Bauh\u00fctte_Deadline_300dpi.jpg\" target=\"_blank\">300 dpi<\/a><\/strong> \u00a9 Deadline<\/p>\n<h4>Make City Open<\/h4>\n<p>Spreefeld: Do it together! Co-Konzepte gegen das Alleinsein<br \/>\n<strong><a href=\"..\/wp-content\/uploads\/2015\/03\/MCO_06_Do_it_together_\u00a9id22_72dpi.jpg\" target=\"_blank\">72 dpi<\/a>\/<a href=\"..\/wp-content\/uploads\/2015\/04\/MCO_06_Do_it_together_id22_300dpi.jpg\" target=\"_blank\">300 dpi<\/a><\/strong> \u00a9 id22<br \/>\nBerlin summt! Bienen als Botschafterinnen f\u00fcr mehr StadtNatur<br \/>\n<strong><a href=\"..\/wp-content\/uploads\/2015\/03\/MCO_07_U_L_Dom_summt_\u00a9Stiftung-f\u00fcr-Mensch-und-Umwelt_72dpi.jpg\" target=\"_blank\">72 dpi<\/a>\/<a href=\"..\/wp-content\/uploads\/2015\/04\/MCO_07_U_L_Dom_summt_Stiftung_fuer_Mensch_und_Umwelt_300dpi.jpg\" target=\"_blank\">300 dpi<\/a><\/strong> \u00a9 Stiftung f\u00fcr Mensch und Umwelt<br \/>\nDer feminine Raum: &#8222;Hier d\u00fcrfen M\u00e4nner noch weinen&#8220;<br \/>\n<strong><a href=\"..\/wp-content\/uploads\/2015\/03\/MCO_10_U_Femininer_Raum_\u00a9ANDBERLIN_72dpi.jpg\" target=\"_blank\">72 dpi<\/a>\/<a href=\"..\/wp-content\/uploads\/2015\/04\/MCO_10_U_Femininer_Raum_ANDBERLIN_300dpi.jpg\" target=\"_blank\">300 dpi<\/a><\/strong> \u00a9 ANDBERLIN<br \/>\nTolle Aussichten f\u00fcr Tempelhof: Konzepte f\u00fcr die gr\u00f6\u00dfte Dachfl\u00e4che Berlins<br \/>\n<strong><a href=\"..\/wp-content\/uploads\/2015\/03\/MCO_11_U_Tolle_Aussichten_f\u00fcr_Tempelhof_\u00a9Ziegert-Roswag-Seiler_72dpi.jpeg\" target=\"_blank\">72 dpi<\/a>\/<a href=\"..\/wp-content\/up loads\/2015\/04\/MCO_11_U_Tolle_Aussichten_fuer_Tempelhof_Ziegert_Roswag_Seiler_300dpi.jpeg\" target=\"_blank\">300 dpi<\/a><\/strong> \u00a9 Ziegert Roswag Seiler<br \/>\nWas H\u00e4user erz\u00e4hlen: Fassadendetektive auf Familienexpedition<br \/>\n<strong><a href=\"..\/wp-content\/uploads\/2015\/03\/MCO_14_O_L_Was_H\u00e4user_erz\u00e4hlen_\u00a9Kleine-Baumeister_72dpi.jpg\" target=\"_blank\">72 dpi<\/a>\/<a href=\"..\/wp-content\/uploads\/2015\/04\/MCO_14_O_L_Was_Haeuser_erzaehlen_Kleine_Baumeister_300dpi.jpg\" target=\"_blank\">300 dpi<\/a><\/strong> \u00a9 Kleine Baumeister<br \/>\nMoritzpool: Eroberung des Kreisverkehrs<br \/>\n<strong><a href=\"..\/wp-content\/uploads\/2015\/03\/MCO_20_U_O_Moritzpool_Deckel_auf_\u00a9ALAS_72dpi.jpg\" target=\"_blank\">72 dpi<\/a>\/<a href=\"..\/wp-content\/uploads\/2015\/04\/MCO_20_U_O_Moritzpool_Deckel_auf_ALAS_300dpi.jpg\" target=\"_blank\">300 dpi<\/a><\/strong> \u00a9 ALAS<br \/>\nMut zur L\u00fccke: Die 58 \u201eOption Lots\u201c von Berlin-Mitte<br \/>\n<strong><a href=\"..\/wp-content\/uploads\/2015\/03\/MCO_22_U_Mut_zur_L\u00fccke_72dpi.jpg\" target=\"_blank\">72 dpi<\/a>\/<a href=\"..\/wp-content\/uploads\/2015\/04\/MCO_22_U_Mut_zur_Luecke_300dpi.jpg\" target=\"_blank\">300 dpi<\/a><\/strong> Freie Nutzung<br \/>\nMediaspree oder Spreeufer f\u00fcr alle?<br \/>\n<strong><a href=\"..\/wp-content\/uploads\/2015\/03\/MCO_27_Mediaspree_oder_Spreeufer_f\u00fcr_alle_CC-BY-SA-2-0_72dpi.jpg\" target=\"_blank\">72 dpi<\/a>\/<a href=\"..\/wp-content\/uploads\/2015\/03\/MCO_27_Mediaspree_oder_Spreeufer_f\u00fcr_alle_CC-BY-SA-2-0_300dpi.jpg\" target=\"_blank\">300 dpi<\/a><\/strong> CC BY-SA 2.0<\/p>\n<h4>Studio Talks<\/h4>\n<p>bfstudio-architekten: Ein Hoch auf das Erdgeschoss!<br \/>\n<strong><a href=\"..\/wp-content\/uploads\/2015\/03\/ST_03_U_L_Ein_Hoch_auf_Erdgeschoss_\u00a9bfstudio-architekten_72dpi.jpg\" target=\"_blank\">72 dpi<\/a>\/<a href=\"..\/wp-content\/uploads\/2015\/04\/ST_03_U_L_Ein_Hoch_auf_Erdgeschoss_bfstudio-architekten_300dpi.jpg\" target=\"_blank\">300 dpi<\/a><\/strong> \u00a9 bfstudio-architekten<br \/>\nDavid Chipperfield Architects: Kantine<br \/>\n<strong><a href=\"..\/wp-content\/uploads\/2015\/03\/ST_04_David_Chipperfield_Architects_\u00a9David-Chipperfield-Architects_72dpi.jpg\" target=\"_blank\">72 dpi<\/a>\/<a href=\"..\/wp-content\/uploads\/2015\/04\/ST_04_David_Chipperfield_Architects_David_Chipperfield_Architects_300dpi.jpg\" target=\"_blank\">300 dpi<\/a><\/strong> \u00a9 David Chipperfield Architects<br \/>\nGRAFT &amp; Kleihues + Kleihues: Eckwerk Berlin<br \/>\n<strong><a href=\"..\/wp-content\/uploads\/2015\/03\/ST_11_U_O_L_Eckwerk_Berlin_\u00a9GRAFT-kleihues-kleihues_72dpi.jpg\" target=\"_blank\">72 dpi<\/a>\/<a href=\"..\/wp-content\/uploads\/2015\/04\/ST_11_U_O_L_Eckwerk_BerlinGRAFT_kleihues__kleihues_300dpi.jpg\" target=\"_blank\">300 dpi<\/a><\/strong> \u00a9 GRAFT, Kleihues + Kleihues<br \/>\nPartizipier dich! Lissabon in den 1970ern<br \/>\n<strong><a href=\"..\/wp-content\/uploads\/2015\/03\/SAALmakecity.jpeg\" target=\"_blank\">72 dpi<\/a>\/<a href=\"..\/wp-content\/uploads\/2015\/03\/SAALmakecity_300.jpg\" target=\"_blank\">300 dpi<\/a><\/strong> \u00a9 Alexandre Alves Costa<br \/>\nBauen ohne Grund: Bernauer Stra\u00dfe, Berlin<br \/>\n<strong><a href=\"..\/wp-content\/uploads\/2015\/03\/ST_22_O_Bauen_ohne_Grund_\u00a9ludloff-ludloff-Architekten_72dpi.jpg\" target=\"_blank\">72 dpi<\/a>\/<a href=\"..\/wp-content\/uploads\/2015\/04\/ST_22_O_Bauen_ohne_Grund_ludloff__ludloff_Architekten_300dpi.jpg\" target=\"_blank\">300 dpi<\/a><\/strong> \u00a9 ludloff + ludloff<br \/>\nN\u00c4GELIARCHITEKTEN: Bauen auf dem Friedhof<br \/>\n<strong><a href=\"..\/wp-content\/uploads\/2015\/03\/ST_23_L_Wohnen_auf_dem_Friedhof_\u00a9N\u00c4GELIARCHITEKTEN_72dpi.jpg\" target=\"_blank\">72 dpi<\/a>\/<a href=\"..\/wp-content\/uploads\/2015\/04\/ST_23_L_Wohnen_auf_dem_Friedhof_NAEGELIARCHITEKTEN_300dpi.jpg\" target=\"_blank\">300 dpi<\/a><\/strong> \u00a9 N\u00c4GELIARCHITEKTEN<br \/>\nTropicalia: Stra\u00dfenm\u00f6bel auf Abstandsgr\u00fcn<br \/>\n<strong><a href=\"..\/wp-content\/uploads\/2015\/03\/ST_28_U_Stadtm\u00f6bel_auf_Abstandsgr\u00fcn_\u00a9Something-Fantastic_72dpi.jpg\" target=\"_blank\">72 dpi<\/a>\/<a href=\"..\/wp-content\/uploads\/2015\/04\/ST_28_U_Stadtmoebel_auf_Abstandsgruen_Something_Fantastic_300dpi.jpg\" target=\"_blank\">300 dpi<\/a><\/strong> \u00a9 Something Fantastic<br \/>\nKinderworkshop: mit anderen Augen<br \/>\n<strong><a href=\"..\/wp-content\/uploads\/2015\/03\/ST_31_X_Mit_anderen_Augen_\u00a9Topotek_72dpi.jpg\" target=\"_blank\">72 dpi<\/a>\/<a href=\"..\/wp-content\/uploads\/2015\/04\/ST_31_X_Mit_anderen_Augen_Topotek_300dpi.jpg\" target=\"_blank\">300 dpi<\/a><\/strong> \u00a9 Topotek 1<\/p>\n","protected":false},"excerpt":{"rendered":"<p class=\"excerpt\">Stellenausschreibungen Hier finden Sie aktuelle Stellenausschreibungen: PRAKTIKUM \/ Werkstudent*in (40%) &#8211; Werkvertragsbasis, ab sofort, sp\u00e4testens [&hellip;]<\/p>\n","protected":false},"author":14,"featured_media":0,"parent":0,"menu_order":0,"comment_status":"open","ping_status":"closed","template":"","meta":{"_acf_changed":false,"footnotes":""},"class_list":["post-6454","page","type-page","status-publish","hentry"],"acf":[],"_links":{"self":[{"href":"https:\/\/makecity.berlin\/2015\/wp-json\/wp\/v2\/pages\/6454"}],"collection":[{"href":"https:\/\/makecity.berlin\/2015\/wp-json\/wp\/v2\/pages"}],"about":[{"href":"https:\/\/makecity.berlin\/2015\/wp-json\/wp\/v2\/types\/page"}],"author":[{"embeddable":true,"href":"https:\/\/makecity.berlin\/2015\/wp-json\/wp\/v2\/users\/14"}],"replies":[{"embeddable":true,"href":"https:\/\/makecity.berlin\/2015\/wp-json\/wp\/v2\/comments?post=6454"}],"version-history":[{"count":195,"href":"https:\/\/makecity.berlin\/2015\/wp-json\/wp\/v2\/pages\/6454\/revisions"}],"predecessor-version":[{"id":16475,"href":"https:\/\/makecity.berlin\/2015\/wp-json\/wp\/v2\/pages\/6454\/revisions\/16475"}],"wp:attachment":[{"href":"https:\/\/makecity.berlin\/2015\/wp-json\/wp\/v2\/media?parent=6454"}],"curies":[{"name":"wp","href":"https:\/\/api.w.org\/{rel}","templated":true}]}}