{"id":6443,"date":"2015-03-24T18:00:04","date_gmt":"2015-03-24T17:00:04","guid":{"rendered":"http:\/\/www.lisabaur.com\/berlin\/?page_id=6443"},"modified":"2016-09-19T12:12:36","modified_gmt":"2016-09-19T10:12:36","slug":"partner-2","status":"publish","type":"page","link":"https:\/\/makecity.berlin\/2015\/partner-2\/","title":{"rendered":"Partner"},"content":{"rendered":"<h4>Gef\u00f6rdert vom<\/h4>\n<div class=\"lshowcase-clear-both\">&nbsp;<\/div><div class=\"lshowcase-logos\"><div  ><div class='lshowcase-box-3'><div class=\"lshowcase-wrap-responsive\"><div class=\"lshowcase-boxInner\"><a href='http:\/\/www.bmbf.de' target='_blank'><img src='https:\/\/makecity.berlin\/2015\/wp-content\/uploads\/2015\/05\/BMBF_CMYK_Gef_L-186x100.jpg' width='186'  height = '100'  alt='Bundesministerium f\u00fcr Bildung und Forschung' title='' class='lshowcase-lower-opacity' \/><\/a><\/div><\/div><\/div><div class='lshowcase-box-3'><div class=\"lshowcase-wrap-responsive\"><div class=\"lshowcase-boxInner\"><a href='https:\/\/www.wissenschaftsjahr-zukunftsstadt.de' target='_blank'><img src='https:\/\/makecity.berlin\/2015\/wp-content\/uploads\/2015\/05\/WJ2015_BMBF_4C_mini-169x100.jpg' width='169'  height = '100'  alt='Wissenschaftsjahr 2015 \u2013 Zukunftsstadt' title='' class='lshowcase-lower-opacity' \/><\/a><\/div><\/div><\/div><\/div><\/div><div class=\"lshowcase-clear-both\">&nbsp;<\/div>\n<h4>Hauptsponsoren<\/h4>\n<div class=\"lshowcase-clear-both\">&nbsp;<\/div><div class=\"lshowcase-logos\"><div  ><div class='lshowcase-box-3'><div class=\"lshowcase-wrap-responsive\"><div class=\"lshowcase-boxInner\"><a href='http:\/\/ziegert-immobilien.de\/' target='_blank'><img src='https:\/\/makecity.berlin\/2015\/wp-content\/uploads\/2015\/04\/ziegert-200x114.png' width='175'  height = '100'  alt='Ziegert' title='' class='lshowcase-lower-opacity' \/><\/a><\/div><\/div><\/div><div class='lshowcase-box-3'><div class=\"lshowcase-wrap-responsive\"><div class=\"lshowcase-boxInner\"><a href='http:\/\/bigboard.cz\/en\/uvod' target='_blank'><img src='https:\/\/makecity.berlin\/2015\/wp-content\/uploads\/2015\/03\/Bigboard-SF-logo.jpg' width='200'  height = '53'  alt='BigBoard' title='' class='lshowcase-lower-opacity' \/><\/a><\/div><\/div><\/div><div class='lshowcase-box-3'><div class=\"lshowcase-wrap-responsive\"><div class=\"lshowcase-boxInner\"><a href='http:\/\/stassenllp.com\/' target='_blank'><img src='https:\/\/makecity.berlin\/2015\/wp-content\/uploads\/2015\/03\/Stassen_logo.jpg' width='200'  height = '22'  alt='Stassen' title='' class='lshowcase-lower-opacity' \/><\/a><\/div><\/div><\/div><\/div><\/div><div class=\"lshowcase-clear-both\">&nbsp;<\/div>\n<h4>Hauptkooperationspartner<\/h4>\n<div class=\"lshowcase-clear-both\">&nbsp;<\/div><div class=\"lshowcase-logos\"><div  ><div class='lshowcase-box-3'><div class=\"lshowcase-wrap-responsive\"><div class=\"lshowcase-boxInner\"><a href='http:\/\/www.boell.de' target='_blank'><img src='https:\/\/makecity.berlin\/2015\/wp-content\/uploads\/2015\/03\/Heinrich-Boell-Stiftung-Logo.jpg' width='200'  height = '44'  alt='Heinrich B\u00f6ll Stiftung' title='' class='lshowcase-lower-opacity' \/><\/a><\/div><\/div><\/div><div class='lshowcase-box-3'><div class=\"lshowcase-wrap-responsive\"><div class=\"lshowcase-boxInner\"><a href='http:\/\/www.ak-berlin.de\/publicity\/ak\/internet.nsf\/tindex\/de_uebersicht_tda_2015.htm' target='_blank'><img src='https:\/\/makecity.berlin\/2015\/wp-content\/uploads\/2015\/05\/AKB_Logo_Vorab-200x86.jpeg' width='200'  height = '86'  alt='Architektenkammer Berlin' title='' class='lshowcase-lower-opacity' \/><\/a><\/div><\/div><\/div><div class='lshowcase-box-3'><div class=\"lshowcase-wrap-responsive\"><div class=\"lshowcase-boxInner\"><a href='http:\/\/berlin.czechcentres.cz\/' target='_blank'><img src='https:\/\/makecity.berlin\/2015\/wp-content\/uploads\/2015\/03\/TschechischesZentrumBerlin-Berlin.jpg' width='200'  height = '41'  alt='Tschechisches Zentrum' title='' class='lshowcase-lower-opacity' \/><\/a><\/div><\/div><\/div><div class='lshowcase-box-3'><div class=\"lshowcase-wrap-responsive\"><div class=\"lshowcase-boxInner\"><a href='http:\/\/www.ait-architektursalon.de\/' target='_blank'><img src='https:\/\/makecity.berlin\/2015\/wp-content\/uploads\/2015\/05\/LOGO_AIT_Architektursalon_AG-200x23.jpg' width='200'  height = '23'  alt='AIT Architektursalon' title='' class='lshowcase-lower-opacity' \/><\/a><\/div><\/div><\/div><div class='lshowcase-box-3'><div class=\"lshowcase-wrap-responsive\"><div class=\"lshowcase-boxInner\"><a href='http:\/\/www.institutfrancais.de\/berlin\/' target='_blank'><img src='https:\/\/makecity.berlin\/2015\/wp-content\/uploads\/2015\/04\/InstituteFrancaisPERSPEKTIVE_Logo_2.jpeg' width='200'  height = '74'  alt='Perspektive' title='' class='lshowcase-lower-opacity' \/><\/a><\/div><\/div><\/div><div class='lshowcase-box-3'><div class=\"lshowcase-wrap-responsive\"><div class=\"lshowcase-boxInner\"><a href='https:\/\/www.design-akademie-berlin.de\/' target='_blank'><img src='https:\/\/makecity.berlin\/2015\/wp-content\/uploads\/2015\/03\/design-academy-berlin.-logo.jpg' width='200'  height = '44'  alt='Design Akademie Berlin' title='' class='lshowcase-lower-opacity' \/><\/a><\/div><\/div><\/div><\/div><\/div><div class=\"lshowcase-clear-both\">&nbsp;<\/div>\n<h4>Sponsoren<\/h4>\n<div class=\"lshowcase-clear-both\">&nbsp;<\/div><div class=\"lshowcase-logos\"><div  ><div class='lshowcase-box-4'><div class=\"lshowcase-wrap-responsive\"><div class=\"lshowcase-boxInner\"><a href='http:\/\/www.ton.eu\/' target='_blank'><img src='https:\/\/makecity.berlin\/2015\/wp-content\/uploads\/2015\/04\/tonnew.jpg' width='200'  height = '75'  alt='Ton' title='' class='lshowcase-lower-opacity' \/><\/a><\/div><\/div><\/div><div class='lshowcase-box-4'><div class=\"lshowcase-wrap-responsive\"><div class=\"lshowcase-boxInner\"><a href='http:\/\/www.danpearlman.com\/' target='_blank'><img src='https:\/\/makecity.berlin\/2015\/wp-content\/uploads\/2015\/03\/danpearlman_logo.jpg' width='200'  height = '78'  alt='Dan Pearlman' title='' class='lshowcase-lower-opacity' \/><\/a><\/div><\/div><\/div><\/div><\/div><div class=\"lshowcase-clear-both\">&nbsp;<\/div>\n<h4>Kultur Institute<\/h4>\n<div class=\"lshowcase-clear-both\">&nbsp;<\/div><div class=\"lshowcase-logos\"><div  ><div class='lshowcase-box-3'><div class=\"lshowcase-wrap-responsive\"><div class=\"lshowcase-boxInner\"><a href='http:\/\/www.britishcouncil.de\/en' target='_blank'><img src='https:\/\/makecity.berlin\/2015\/wp-content\/uploads\/2015\/05\/britishcouncil-200x86.png' width='200'  height = '86'  alt='British Council' title='' class='lshowcase-lower-opacity' \/><\/a><\/div><\/div><\/div><div class='lshowcase-box-3'><div class=\"lshowcase-wrap-responsive\"><div class=\"lshowcase-boxInner\"><a href='http:\/\/www.iic-berlino.de\/' target='_blank'><img src='https:\/\/makecity.berlin\/2015\/wp-content\/uploads\/2015\/05\/Italienisch-Logo-4C-200x79.png' width='200'  height = '79'  alt='Italienisches Kulturinstitut Berlin' title='' class='lshowcase-lower-opacity' \/><\/a><\/div><\/div><\/div><div class='lshowcase-box-3'><div class=\"lshowcase-wrap-responsive\"><div class=\"lshowcase-boxInner\"><a href='http:\/\/www.llull.cat\/offices\/berlin\/index.cfm' target='_blank'><img src='https:\/\/makecity.berlin\/2015\/wp-content\/uploads\/2015\/05\/ramonllull-200x64.png' width='200'  height = '64'  alt='Ramon Llull' title='' class='lshowcase-lower-opacity' \/><\/a><\/div><\/div><\/div><div class='lshowcase-box-3'><div class=\"lshowcase-wrap-responsive\"><div class=\"lshowcase-boxInner\"><a href='http:\/\/www.icr.ro\/berlin-1\/' target='_blank'><img src='https:\/\/makecity.berlin\/2015\/wp-content\/uploads\/2015\/05\/rumanisches-200x83.png' width='200'  height = '83'  alt='Rum\u00e4nisches Kulturinstitut Berlin' title='' class='lshowcase-lower-opacity' \/><\/a><\/div><\/div><\/div><div class='lshowcase-box-3'><div class=\"lshowcase-wrap-responsive\"><div class=\"lshowcase-boxInner\"><a href='https:\/\/www.eda.admin.ch\/berlin.html' target='_blank'><img src='https:\/\/makecity.berlin\/2015\/wp-content\/uploads\/2015\/05\/schweiz-142x100.png' width='142'  height = '100'  alt='Schweiz' title='' class='lshowcase-lower-opacity' \/><\/a><\/div><\/div><\/div><\/div><\/div><div class=\"lshowcase-clear-both\">&nbsp;<\/div>\n<h4>Medienpartner<\/h4>\n<div class=\"lshowcase-clear-both\">&nbsp;<\/div><div class=\"lshowcase-logos\"><div  ><div class='lshowcase-box-3'><div class=\"lshowcase-wrap-responsive\"><div class=\"lshowcase-boxInner\"><a href='http:\/\/www.damnmagazine.net\/en\/home' target='_blank'><img src='https:\/\/makecity.berlin\/2015\/wp-content\/uploads\/2015\/05\/DAMnLogo-200x55.jpeg' width='200'  height = '55'  alt='Damn Magazin' title='' class='lshowcase-lower-opacity' \/><\/a><\/div><\/div><\/div><div class='lshowcase-box-3'><div class=\"lshowcase-wrap-responsive\"><div class=\"lshowcase-boxInner\"><a href='https:\/\/www.ait-online.de\/zeitschrift\/aktuell\/' target='_blank'><img src='https:\/\/makecity.berlin\/2015\/wp-content\/uploads\/2015\/04\/AIT_Logo_Redesign_bmp-137x100.jpg' width='137'  height = '100'  alt='AIT Online' title='' class='lshowcase-lower-opacity' \/><\/a><\/div><\/div><\/div><div class='lshowcase-box-3'><div class=\"lshowcase-wrap-responsive\"><div class=\"lshowcase-boxInner\"><a href='http:\/\/www.uncubemagazine.com\/' target='_blank'><img src='https:\/\/makecity.berlin\/2015\/wp-content\/uploads\/2015\/03\/uncube-logo.jpg' width='196'  height = '50'  alt='Uncube' title='' class='lshowcase-lower-opacity' \/><\/a><\/div><\/div><\/div><div class='lshowcase-box-3'><div class=\"lshowcase-wrap-responsive\"><div class=\"lshowcase-boxInner\"><a href='http:\/\/www.tagesspiegel.de\/' target='_blank'><img src='https:\/\/makecity.berlin\/2015\/wp-content\/uploads\/2015\/04\/TAGESSPIEGEL_4c_Off.jpeg' width='200'  height = '50'  alt='Tagesspiegel' title='' class='lshowcase-lower-opacity' \/><\/a><\/div><\/div><\/div><div class='lshowcase-box-3'><div class=\"lshowcase-wrap-responsive\"><div class=\"lshowcase-boxInner\"><a href='https:\/\/www.rbb-online.de\/fernsehen\/' target='_blank'><img src='https:\/\/makecity.berlin\/2015\/wp-content\/uploads\/2015\/05\/rbb_fern_pos_WEB-150x100.jpg' width='150'  height = '100'  alt='RBB Fernsehen' title='' class='lshowcase-lower-opacity' \/><\/a><\/div><\/div><\/div><div class='lshowcase-box-3'><div class=\"lshowcase-wrap-responsive\"><div class=\"lshowcase-boxInner\"><a href='http:\/\/www.radioeins.de\/' target='_blank'><img src='https:\/\/makecity.berlin\/2015\/wp-content\/uploads\/2015\/04\/radioeinslogo.png' width='200'  height = '68'  alt='Radio Eins RBB' title='' class='lshowcase-lower-opacity' \/><\/a><\/div><\/div><\/div><div class='lshowcase-box-3'><div class=\"lshowcase-wrap-responsive\"><div class=\"lshowcase-boxInner\"><a href='https:\/\/www.competitionline.com\/de' target='_blank'><img src='https:\/\/makecity.berlin\/2015\/wp-content\/uploads\/2015\/03\/competitionline_Logo.jpg' width='194'  height = '50'  alt='Competition Online' title='' class='lshowcase-lower-opacity' \/><\/a><\/div><\/div><\/div><div class='lshowcase-box-3'><div class=\"lshowcase-wrap-responsive\"><div class=\"lshowcase-boxInner\"><img src='https:\/\/makecity.berlin\/2015\/wp-content\/uploads\/2015\/03\/visitBerlin_Logo.jpg' width='145'  height = '50'  alt='Visit Berlin' title='' class='lshowcase-lower-opacity' \/><\/div><\/div><\/div><div class='lshowcase-box-3'><div class=\"lshowcase-wrap-responsive\"><div class=\"lshowcase-boxInner\"><a href='http:\/\/www.stadtkultur-berlin.de\/plakatierung-bauzaunwerbung-werbung-in-berlin.html' target='_blank'><img src='https:\/\/makecity.berlin\/2015\/wp-content\/uploads\/2015\/05\/stadtkultur-farbe_gro\u00df.tif' width='194'  height = '100'  alt='Stadtkultur' title='' class='lshowcase-lower-opacity' \/><\/a><\/div><\/div><\/div><div class='lshowcase-box-3'><div class=\"lshowcase-wrap-responsive\"><div class=\"lshowcase-boxInner\"><a href='http:\/\/plakat-kultur.de\/' target='_blank'><img src='https:\/\/makecity.berlin\/2015\/wp-content\/uploads\/2015\/05\/Logo-138x100.png' width='138'  height = '100'  alt='Plakat Kultur' title='' class='lshowcase-lower-opacity' \/><\/a><\/div><\/div><\/div><div class='lshowcase-box-3'><div class=\"lshowcase-wrap-responsive\"><div class=\"lshowcase-boxInner\"><img src='https:\/\/makecity.berlin\/2015\/wp-content\/uploads\/2015\/06\/Berlin-Camera-logo-Transparent-188x100.png' width='188'  height = '100'  alt='Berlin Camera' title='' class='lshowcase-lower-opacity' \/><\/div><\/div><\/div><\/div><\/div><div class=\"lshowcase-clear-both\">&nbsp;<\/div>\n<h4>Gr\u00fcndungspartner<\/h4>\n<p><a href=\"http:\/\/www.a24-landschaft.de\/\" target=\"_blank\">A24 Landschaft Landschaftsarchitektur GmbH<br \/>\n<\/a><a href=\"http:\/\/aa-projects.eu\/de\" target=\"_blank\">AA Projects, Kristien Ring<\/a><br \/>\n<a href=\"https:\/\/www.facebook.com\/actorsofurbanchange\" target=\"_blank\">Actors of Urban Change, ein Programm der Robert Bosch Stiftung in Koopertion mit MitOst e.V.<\/a><br \/>\n<strong><a target=\"_blank\">Andreas Foidl<\/a><\/strong><br \/>\n<a href=\"http:\/\/www.belius.de\/\" target=\"_blank\">Andreas Kr\u00fcger, Belius Foundation Berlin<br \/>\n<\/a><a href=\"http:\/\/www.ariadnacantiscomunicacion.com\/\" target=\"_blank\">Ariadna Cantis\u00a0Comunicaci\u00f3n<\/a><br \/>\n<a href=\"http:\/\/www.arnoldundgladisch.de\/\" target=\"_blank\">Arnold und Gladisch Gesellschaft von Architekten GmbH<\/a><br \/>\n<a href=\"http:\/\/artisengineering.de\/\" target=\"_blank\">Artis GmbH<\/a><br \/>\n<a href=\"http:\/\/www.arup.com\" target=\"_blank\">Arup Deutschland GmbH<\/a><br \/>\n<a href=\"http:\/\/www.atelier-loidl.de\/\" target=\"_blank\">Atelier Loidl<\/a><br \/>\n<a href=\"http:\/\/www.bal-berlin.de\/\" target=\"_blank\">BAL Bauplanungs und Steuerungs GmbH<\/a><br \/>\n<a href=\"http:\/\/www.bauinternational-uni.de\/de\/\" target=\"_blank\">BAU International Berlin<\/a><br \/>\n<a href=\"http:\/\/www.berlinischegalerie.de\/\" target=\"_blank\">Berlinische Galerie, Direktor Thomas K\u00f6hler<\/a><br \/>\n<a href=\"http:\/\/www.metropolenhaus.de\/\" target=\"_blank\">bfstudio-architekten<\/a><br \/>\n<a href=\"http:\/\/www.bhg-vermietung.de\/\" target=\"_blank\">BHG Vermietung GmbH<\/a><br \/>\n<a href=\"http:\/\/www.degruyter.com\" target=\"_blank\">Birkh\u00e4user Verlag (De Gruyter)<\/a><br \/>\n<a href=\"http:\/\/www.bureau-n.de\/\" target=\"_blank\">Bureau N<br \/>\n<\/a><a href=\"http:\/\/www.conex-gmbh.de\/\" target=\"_blank\">CONEX Baugesellschaft mbH<\/a><a href=\"http:\/\/www.bureau-n.de\/\" target=\"_blank\"><br \/>\n<\/a><a href=\"http:\/\/www.cskw.de\/\" target=\"_blank\">Cskw, Kirstin Weppner<\/a><br \/>\n<a href=\"http:\/\/www.davidchipperfield.co.uk\/\" target=\"_blank\">David Chipperfield Architects<\/a><br \/>\n<a href=\"http:\/\/dewinder.de\/\" target=\"_blank\">De Winder Architekten GbR<\/a><br \/>\n<a href=\"http:\/\/www.daz.de\/\" target=\"_blank\">Deutsches Architektur Zentrum DAZ<\/a><br \/>\n<a href=\"http:\/\/www.zusammenarbeiter.de\/\" target=\"_blank\">die Zusammenarbeiter, Christian Sch\u00f6ningh<\/a><br \/>\n<a href=\"http:\/\/www.dmsw.net\" target=\"_blank\">DMSW architektur und landschaft<\/a><br \/>\n<a href=\"http:\/\/www.duncanmccauley.com\" target=\"_blank\">Duncan McCauley GmbH &amp; Co. KB<\/a><br \/>\n<a href=\"http:\/\/www.ioobln.de\/\" target=\"_blank\">Elwardt &amp; Lattermann Architekten OHG<\/a><br \/>\n<a href=\"https:\/\/www.spiekermann.com\" target=\"_blank\">Erik Spiekermann<\/a><br \/>\n<a href=\"http:\/\/www.europan.de\/\" target=\"_blank\">EUROPAN e.V.<br \/>\n<\/a><a href=\"http:\/\/www.flussbad-berlin.de\/\" target=\"_blank\">Flussbad e.V.<\/a><br \/>\n<a href=\"http:\/\/gewers-pudewill.de\/\" target=\"_blank\">Gewers und Pudewill GmbH<\/a><br \/>\n<a href=\"http:\/\/glockenweiss.de\/\" target=\"_blank\">Glockenweiss GmbH<\/a><br \/>\n<a href=\"http:\/\/www.graftlab.com\/\" target=\"_blank\">Graft Gesellschaft von Architekten mbH<br \/>\n<\/a><strong>Gretanton Verlag, Till Schr\u00f6der<\/strong><br \/>\n<a href=\"http:\/\/gruentuchernst.de\/\" target=\"_blank\">Gr\u00fcntuch Ernst Architekten<\/a><br \/>\n<a href=\"http:\/\/www.davidchipperfield.co.uk\/\" target=\"_blank\">GSA Gesellschaft f\u00fcr systematische Architektur mbH<\/a><br \/>\n<a href=\"http:\/\/www.haubrok.org\/\" target=\"_blank\">haubrok foundation GbR\u00a0FAHRBEREITSCHAFT<\/a><br \/>\n<a href=\"http:\/\/www.heidevonbeckerath.com\/\" target=\"_blank\">HEIDE &#038; VON BECKERATH<\/a><br \/>\n<a href=\"http:\/\/www.holzerkobler.com\/\" target=\"_blank\">Holzer Kobler Architekturen GmbH<\/a><br \/>\n<a href=\"http:\/\/www.howoge.de\/\" target=\"_blank\">HOWOGE Wohnungsbaugesellschaft mbH<\/a><br \/>\n<a href=\"http:\/\/www.huettenundpalaeste.de\/\" target=\"_blank\">H\u00fctten &amp; Pal\u00e4ste Architekten<\/a><br \/>\n<a href=\"http:\/\/www.ideenfuerorte.de\/\" target=\"_blank\">ifo ideen f\u00fcr orte GmbH, Frank Duske<\/a><br \/>\n<a href=\"http:\/\/www.malzfabrik.de\/\" target=\"_blank\">IGG Malzfabrik mbH<br \/>\nImke Woelk und Partner<\/a><br \/>\n<a href=\"http:\/\/stadt-neudenken.tumblr.com\/\" target=\"_blank\">Initiative Stadt Neudenken\u00a0\/ Stadt Neudenken e.V.<\/a><br \/>\n<a href=\"http:\/\/www.jovis.de\/\" target=\"_blank\">JOVIS Verlag GmbH, Jochen Visscher<\/a><br \/>\n<a href=\"http:\/\/www.kadenundpartner.de\/\" target=\"_blank\">Kaden + Partner, Tom Kaden<\/a><br \/>\n<a href=\"http:\/\/www.kcap.eu\/en\/\" target=\"_blank\">KCAP Architects &amp; Planners<br \/>\n<\/a><a href=\"http:\/\/kleihues.com\/\" target=\"_blank\">Kleihues &amp; Kleihues Gesellschaft von Architekten<\/a><a href=\"http:\/\/www.bauinternational-uni.de\/de\/component\/content\/article.html?id=206:liquate-conem-et-que-digent-ex-23\" target=\"_blank\"><br \/>\nKleine Baumeister<br \/>\nKunstbr\u00fccke Istanbul Berlin der Bah\u00e7e\u015fehir University Istanbul<\/a><br \/>\n<a href=\"http:\/\/www.liebscher-tauber-architekten.de\/\" target=\"_blank\">Liebscher-Tauber &amp; Tauber Architekten<\/a><br \/>\n<a href=\"http:\/\/lobeart.eu\/\" target=\"_blank\">LoBe, Olivia Reynolds<\/a><br \/>\n<a href=\"http:\/\/www.ludloffludloff.de\/\" target=\"_blank\">ludloff + ludloff Architekten BDA<\/a><br \/>\n<a href=\"http:\/\/www.schiffskontor.de\/\" target=\"_blank\">L\u00fctzow 7 C.M\u00fcller J.Wehberg Landschaftsarchitekten<br \/>\nM. S. Schiffskontor GmbH (CEO Kirk Schoormann)<br \/>\n<\/a><a href=\"http:\/\/contactking.de\/\" target=\"_blank\">Maximilian Tyrtania Software-Entwicklung<\/a><a href=\"http:\/\/www.luetzow7.com\" target=\"_blank\"><br \/>\n<\/a><a href=\"http:\/\/www.maipublicrelations.com\/index_de.html\" target=\"_blank\">mai public relations GmbH, Matthias Mai<br \/>\n<\/a><a href=\"http:\/\/www.naegeliarchitekten.de\/\" target=\"_blank\">N\u00c4GELIARCHITEKTEN<\/a><a style=\"line-height: 1.5;\" href=\"http:\/\/www.schiffskontor.de\/\" target=\"_blank\"><br \/>\n<\/a><a href=\"http:\/\/nicheberlin.de\/?lang=de\" target=\"_blank\">NICHE \u2013 art and architecture tours berlin<br \/>\n<\/a><a href=\"http:\/\/www.nps-tchoban-voss.de\/\" target=\"_blank\">nps tschoban voss Architektur und St\u00e4dtebau<\/a><a href=\"http:\/\/nicheberlin.de\/?lang=de\" target=\"_blank\"><br \/>\n<\/a><a href=\"http:\/\/www.ortner.at\/\" target=\"_blank\">Ortner &amp; Ortner Baukunst Gesellschaft von Architekten mbH<\/a><a href=\"http:\/\/nicheberlin.de\/?lang=de\" target=\"_blank\"><br \/>\n<\/a><a href=\"http:\/\/www.predac.de\/\" target=\"_blank\">Predac Immobilien Management AG<\/a><a href=\"http:\/\/nicheberlin.de\/?lang=de\" target=\"_blank\"><br \/>\n<\/a><a href=\"http:\/\/www.realace.de\/realace\/\" target=\"_blank\">REALACE GmbH<\/a><a href=\"http:\/\/nicheberlin.de\/?lang=de\" target=\"_blank\"><br \/>\n<\/a><a href=\"http:\/\/www.robertneun.de\/\" target=\"_blank\">ROBERTNEUN\u2122 ARCHITEKTEN GMBH<\/a><a href=\"http:\/\/nicheberlin.de\/?lang=de\" target=\"_blank\"><br \/>\n<\/a><a href=\"http:\/\/www.roedig-schop.de\/\" target=\"_blank\">roedig . schop architekten<\/a><a href=\"http:\/\/nicheberlin.de\/?lang=de\" target=\"_blank\"><br \/>\n<\/a><a href=\"http:\/\/www.sauerbruchhutton.de\/\" target=\"_blank\">Sauerbruch Hutton Gesellschaft von Architekten mbH<\/a><a href=\"http:\/\/nicheberlin.de\/?lang=de\" target=\"_blank\"><br \/>\n<\/a><a href=\"http:\/\/sinai.de\/\" target=\"_blank\">sinai Gesellschaft von Landschaftsarchitekten mbH<br \/>\nSmartHoming<\/a><a href=\"http:\/\/nicheberlin.de\/?lang=de\" target=\"_blank\"><br \/>\n<\/a><a href=\"http:\/\/www.staab-architekten.com\/\" target=\"_blank\">Staab Architekten GmbH<\/a><a href=\"http:\/\/nicheberlin.de\/?lang=de\" target=\"_blank\"><br \/>\n<\/a><strong>Stephanie Bernoully Kommunikation<\/strong><a href=\"http:\/\/nicheberlin.de\/?lang=de\" target=\"_blank\"><br \/>\n<\/a><a href=\"http:\/\/www.studiof.de\/\" target=\"_blank\">studio f, Anja Steinig<\/a><a href=\"http:\/\/nicheberlin.de\/?lang=de\" target=\"_blank\"><br \/>\n<\/a><a href=\"https:\/\/www.facebook.com\/tatjana.sprick\" target=\"_blank\">Tatjana Sprick<br \/>\n<\/a><a href=\"http:\/\/www.rem-berlin.de\/\" target=\"_blank\">Technische Universit\u00e4t Berlin, Weiterbildungsstudiengang Real Estate Management<\/a><a href=\"http:\/\/nicheberlin.de\/?lang=de\" target=\"_blank\"><br \/>\n<\/a><a href=\"http:\/\/lsecities.net\/objects\/research-projects\/theatrum-mundi\" target=\"_blank\"> Theatrum Mundi LSE Cities<\/a><a href=\"http:\/\/nicheberlin.de\/?lang=de\" target=\"_blank\"><br \/>\n<\/a><a href=\"http:\/\/www.ticket-b.de\/\" target=\"_blank\">Ticket B Tours, Berlin<\/a><a href=\"http:\/\/nicheberlin.de\/?lang=de\" target=\"_blank\"><br \/>\n<\/a><a href=\"http:\/\/www.topotek1.de\/\" target=\"_blank\">Topotek1, Berlin<\/a><a href=\"http:\/\/nicheberlin.de\/?lang=de\"target=\"_blank\"><br \/>\n<\/a><a href=\"https:\/\/www.triad.de\/\" target=\"_blank\">TRIAD Berlin Projektgesellschaft mbH<\/a><a href=\"http:\/\/nicheberlin.de\/?lang=de\" target=\"_blank\"><br \/>\n<\/a><a href=\"http:\/\/www.urbanitas.eu\/es\/\" target=\"_blank\">Urbanitas Berlin-Barcelona<\/a><a href=\"http:\/\/nicheberlin.de\/?lang=de\" target=\"_blank\"><br \/>\n<\/a><a href=\"http:\/\/www.rosa-luxemburg-platz.net\/\" target=\"_blank\">Verein zur F\u00f6rderung von Kunst und Kultur am Rosa Luxemburg Platz<\/a><a href=\"http:\/\/nicheberlin.de\/?lang=de\" target=\"_blank\"><br \/>\n<\/a><a href=\"http:\/\/www.degruyter.com\/\" target=\"_blank\">Walter de Gruyter GmbH<br \/>\nWBM Wohnungsbaugesellschaft Berlin-Mitte<\/a><a href=\"http:\/\/nicheberlin.de\/?lang=de\" target=\"_blank\"><br \/>\n<\/a><a href=\"http:\/\/www.plattformnachwuchsarchitekten.de\/\" target=\"_blank\">www.plattformnachwuchsarchitekten.de<\/a><a href=\"http:\/\/www.smarthoming.de\/\" target=\"_blank\"><br \/>\n<\/a><a href=\"http:\/\/www.zanderroth.de\/de\/\" target=\"_blank\">zanderroth architekten<br \/>\n<\/a><a href=\"http:\/\/www.zrs-berlin.de\/\" target=\"_blank\">Ziegert | Roswag | Seiler Architekten Ingenieure<br \/>\n<\/a><a href=\"https:\/\/zivilarena.de\/\" target=\"_blank\">Zivilarena GmbH<\/a><\/p>\n","protected":false},"excerpt":{"rendered":"<p class=\"excerpt\">Gef\u00f6rdert vom Hauptsponsoren Hauptkooperationspartner Sponsoren Kultur Institute Medienpartner Gr\u00fcndungspartner A24 Landschaft Landschaftsarchitektur GmbH AA Projects, [&hellip;]<\/p>\n","protected":false},"author":14,"featured_media":0,"parent":0,"menu_order":0,"comment_status":"closed","ping_status":"closed","template":"","meta":{"_acf_changed":false,"footnotes":""},"class_list":["post-6443","page","type-page","status-publish","hentry"],"acf":[],"_links":{"self":[{"href":"https:\/\/makecity.berlin\/2015\/wp-json\/wp\/v2\/pages\/6443"}],"collection":[{"href":"https:\/\/makecity.berlin\/2015\/wp-json\/wp\/v2\/pages"}],"about":[{"href":"https:\/\/makecity.berlin\/2015\/wp-json\/wp\/v2\/types\/page"}],"author":[{"embeddable":true,"href":"https:\/\/makecity.berlin\/2015\/wp-json\/wp\/v2\/users\/14"}],"replies":[{"embeddable":true,"href":"https:\/\/makecity.berlin\/2015\/wp-json\/wp\/v2\/comments?post=6443"}],"version-history":[{"count":232,"href":"https:\/\/makecity.berlin\/2015\/wp-json\/wp\/v2\/pages\/6443\/revisions"}],"predecessor-version":[{"id":16468,"href":"https:\/\/makecity.berlin\/2015\/wp-json\/wp\/v2\/pages\/6443\/revisions\/16468"}],"wp:attachment":[{"href":"https:\/\/makecity.berlin\/2015\/wp-json\/wp\/v2\/media?parent=6443"}],"curies":[{"name":"wp","href":"https:\/\/api.w.org\/{rel}","templated":true}]}}