{"id":5861,"date":"2015-02-27T16:55:15","date_gmt":"2015-02-27T16:55:15","guid":{"rendered":"http:\/\/192.168.1.121\/wordpress.mu\/howfresh\/?page_id=5861"},"modified":"2015-06-08T01:29:41","modified_gmt":"2015-06-07T23:29:41","slug":"ueber-uns","status":"publish","type":"page","link":"https:\/\/makecity.berlin\/2015\/ueber-uns\/","title":{"rendered":"Das Team"},"content":{"rendered":"<h4 style=\"margin-top:0px;\">KONZEPT &amp; REALISIERUNG<\/h4>\n<h5><b>Rosario Talevi<\/b><\/h5>\n<p>begleitende Kuratorin des Festivals und Make City Open<br \/>\nArchitektin (Universidad de Buenos Aires, Argentina)<\/p>\n<h5><b>Michael Annoff<\/b><\/h5>\n<p>kuratorische Koordination der Partner<br \/>\nKulturwissenschafter und -Manager, unter anderem f\u00fcr die Graduiertenschule der Universit\u00e4t der K\u00fcnste und das Haus der Kulturen der Welt. Lehrt im Studium Generale der UdK Berlin.<\/p>\n<h5><b>Filistin Younes<\/b><\/h5>\n<p>Produktions- und Programmkoordination Festivalzentrum<br \/>\nProjektmanagerin Goethe-Institut Ramallah, Assistentin der Gesch\u00e4ftsleitung Schaub\u00fchne Berlin. Freie Kulturmanagerin u.a. am Maxim Gorki Theater.<\/p>\n<h5><b>Monika \u0160t\u011bp\u00e1nov\u00e1 (Tschechisches Zentrum Berlin) <\/b><\/h5>\n<p>Direktorin des Tschechischen Zentrum und konzeptioneller Partner<\/p>\n<h5><b>Joanne Pouzenc<\/b><\/h5>\n<p>Produktionsleitung, begleitende Kuratorin Perspectives Programm<\/p>\n<h5><b>Gernot W\u00fcrtenberger <\/b><\/h5>\n<p>Projektmanagement<\/p>\n<h5><b>Susanne G\u00fcnther und Thomas Kr\u00fcger (Ticket B Tours) <\/b><\/h5>\n<p>Co-Kuratoren Make City Open und Partner<\/p>\n<h5><b>Niche Arts &amp; Architecture Tours Berlin <\/b><\/h5>\n<p>Co-Kuratoren Make City Open und Partner<\/p>\n<h5><b>Pfefferwerk Stadtkultur gGmbH <\/b><\/h5>\n<p>technisches Team des Festivalzentrums<\/p>\n<h5><b>Kim-Fabian von Dall&#8217;Armi und Ludwig Ge\u00dfner<\/b><\/h5>\n<p>technische Produktion, Festivalzentrum<\/p>\n<h4>KOMMUNIKATION &amp; FUNDRAISING<\/h4>\n<h5><b>Susanne Kumar-Sinner <\/b><\/h5>\n<p>Leiterin Presse- und \u00d6ffentlichkeitsarbeit<\/p>\n<h5><b>Stephanie Bernoully <\/b><\/h5>\n<p>Leiterin Strategische Kommunikation<\/p>\n<h5><b>Simon W\u00f6hr<\/b><\/h5>\n<p>Redaktions- und Kommunikationsmanagement, Sponsorenbetreuung<br \/>\nFreier Kulturmanager u.a. PR Holzmarkt-Projekt, Container-Studentendorfs Pl\u00e4nterwald, Gr\u00fcndungsvorstand M\u00f6rchenpark e.V.<\/p>\n<h5><b>Fiona Shipwright <\/b><\/h5>\n<p>Englische Redaktion, Social Media<br \/>\nFreie Autorin und Redakteurin, Uncube Magazine (University of the Arts, London)<\/p>\n<h5><b>Konrad G\u0142owacki<\/b><\/h5>\n<p>Bildredaktion und Redaktionskoordination, Kommunikation<br \/>\nStudent der Stadt- und Regionalplanung an der TU Berlin<\/p>\n<h5><b>Jessica McInally <\/b><\/h5>\n<p>Projektassistentin<br \/>\nB.Sc. Stadt- und Regionalplanung, Master of Urban Design Studentin an der TU Berlin<\/p>\n<h5><b>Nora Queck<\/b><\/h5>\n<p>Praktikantin<\/p>\n<h4>DESIGN<\/h4>\n<h5><b>Lisa Baur <\/b><\/h5>\n<p>Design der Webseite<\/p>\n<h5><b>simonquasar <\/b><\/h5>\n<p>Programmierung der Website<\/p>\n<h5><b>Till Schr\u00f6der (Design Akademie Berlin) <\/b><\/h5>\n<p>begleitender Redakteur der Festivalzeitschrift<\/p>\n<h5><b>Anja Steinig (Design Akademie Berlin) <\/b><\/h5>\n<p>Design der Festivalzeitschrift<\/p>\n<h5><b>Kirstin Weppner (Design Akademie Berlin) <\/b><\/h5>\n<p>Design der Festivalzeitschrift<\/p>\n<h5><b>Severin Frank (Our Company Ltd.) <\/b><\/h5>\n<p>Grafik- und Webdesign<\/p>\n<h5><b>Prof. Dr. H.C. Erik Spiekermann <\/b><\/h5>\n<p>CI Design Make City<\/p>\n","protected":false},"excerpt":{"rendered":"<p class=\"excerpt\">KONZEPT &amp; REALISIERUNG Rosario Talevi begleitende Kuratorin des Festivals und Make City Open Architektin (Universidad [&hellip;]<\/p>\n","protected":false},"author":14,"featured_media":0,"parent":0,"menu_order":0,"comment_status":"open","ping_status":"open","template":"","meta":{"_acf_changed":false,"footnotes":""},"class_list":["post-5861","page","type-page","status-publish","hentry"],"acf":[],"_links":{"self":[{"href":"https:\/\/makecity.berlin\/2015\/wp-json\/wp\/v2\/pages\/5861"}],"collection":[{"href":"https:\/\/makecity.berlin\/2015\/wp-json\/wp\/v2\/pages"}],"about":[{"href":"https:\/\/makecity.berlin\/2015\/wp-json\/wp\/v2\/types\/page"}],"author":[{"embeddable":true,"href":"https:\/\/makecity.berlin\/2015\/wp-json\/wp\/v2\/users\/14"}],"replies":[{"embeddable":true,"href":"https:\/\/makecity.berlin\/2015\/wp-json\/wp\/v2\/comments?post=5861"}],"version-history":[{"count":46,"href":"https:\/\/makecity.berlin\/2015\/wp-json\/wp\/v2\/pages\/5861\/revisions"}],"predecessor-version":[{"id":15928,"href":"https:\/\/makecity.berlin\/2015\/wp-json\/wp\/v2\/pages\/5861\/revisions\/15928"}],"wp:attachment":[{"href":"https:\/\/makecity.berlin\/2015\/wp-json\/wp\/v2\/media?parent=5861"}],"curies":[{"name":"wp","href":"https:\/\/api.w.org\/{rel}","templated":true}]}}