{"id":10051,"date":"2015-02-27T16:55:15","date_gmt":"2015-02-27T16:55:15","guid":{"rendered":"http:\/\/www.lisabaur.com\/berlin\/?page_id=10051"},"modified":"2015-06-30T13:26:09","modified_gmt":"2015-06-30T11:26:09","slug":"ueber-uns","status":"publish","type":"page","link":"https:\/\/makecity.berlin\/2015\/ueber-uns\/?lang=en","title":{"rendered":"Team"},"content":{"rendered":"<h4 style=\"margin-top: 0px;\">CONCEPT &amp; REALISATION<\/h4>\n<h5><b>Rosario Talevi<\/b><\/h5>\n<p>associate curator Festival and Make City Open<br \/>\nArchitect (University of Buenos Aires, Argentina)<\/p>\n<h5><b>Michael Annoff<\/b><\/h5>\n<p>curatorial coordinator of Partners<br \/>\nCultural Researcher and Manager, amongst others for the graduate school of\u00a0Berlin University of the Arts and The House of World Cultures. Lectures at\u00a0Studium Generale of UdK Berlin.<\/p>\n<h5><b>Filistin Younes<\/b><\/h5>\n<p>chief programme coordinator Festival Centre<br \/>\nProject manager, Goethe-Institute Ramallah and executive assistant\u00a0Schaub\u00fchne Berlin. Freelance cultural manager at Maxim Gorki Theater.<\/p>\n<h5><b>Monika \u0160t\u011bp\u00e1nov\u00e1 (Tschechisches Zentrum Berlin) <\/b><\/h5>\n<p>director of the Czech\u00a0Centre and conceptional partner<\/p>\n<h5><b>Joanne Pouzenc<\/b><\/h5>\n<p>head of production, associate curator of Perspectives Programme<\/p>\n<h5><b>Gernot W\u00fcrtenberger <\/b><\/h5>\n<p>project management<\/p>\n<h5><b>Susanne G\u00fcnther und Thomas Kr\u00fcger (Ticket B Tours) <\/b><\/h5>\n<p>co-curators Make City\u00a0Open and partner<\/p>\n<h5><b>Niche Arts &amp; Architecture Tours Berlin <\/b><\/h5>\n<p>co-curator Make City Open and partner<\/p>\n<h5><b>Pfefferwerk Pfefferwerk Stadtkultur gGmbH <\/b><\/h5>\n<p>technical team Festival Centre<\/p>\n<h5><b>Kim-Fabian von Dall&#8217;Armi and Ludwig Ge\u00dfner<\/b><\/h5>\n<p>technical production, Festival Centre<\/p>\n<p>&nbsp;<\/p>\n<h4>COMMUNICATION &amp; FUNDRAISING<\/h4>\n<h5><b>Susanne Kumar-Sinner <\/b><\/h5>\n<p>head of press and communications<\/p>\n<h5><b>Stephanie Bernoully <\/b><\/h5>\n<p>strategic communications<\/p>\n<h5><b>Simon W\u00f6hr<\/b><\/h5>\n<p>editorial and communications associate, sponsor liaison<br \/>\nFreelance cultural manager, responsible for pr for the projects Holzmarkt and\u00a0Container-Studentendorf Pl\u00e4nterwald, founding board of M\u00f6rchenpark e.V.<\/p>\n<h5><b>Fiona Shipwright <\/b><\/h5>\n<p>English language editor and social media,<br \/>\nFreelance writer and editor, uncube magazine (University of the Arts, London)<\/p>\n<h5><b>Konrad G\u0142owacki<\/b><\/h5>\n<p>image editor and coordinator, communications<br \/>\nstudent of Urban Planning at TU Berlin<\/p>\n<h5><b>Jessica McInally <\/b><\/h5>\n<p>project assistant<br \/>\nB. Sc. Urban and Regional Planning, Master of Urban Design student at TU\u00a0Berlin<\/p>\n<h5><b>Nora Queck <\/b><\/h5>\n<p>project intern<\/p>\n<p>&nbsp;<\/p>\n<h4>DESIGN<\/h4>\n<h5><b>Lisa Baur <\/b><\/h5>\n<p>website design<\/p>\n<h5><b>simonquasar <\/b><\/h5>\n<p>website programming<\/p>\n<h5><b>Till Schr\u00f6der (Design Akademie Berlin) <\/b><\/h5>\n<p>associate editor festival magazine<\/p>\n<h5><b>Anja Steinig (Design Akademie Berlin) <\/b><\/h5>\n<p>design festival magazine<\/p>\n<h5><b>Kirstin Weppner (Design Akademie Berlin) <\/b><\/h5>\n<p>design festival magazine<\/p>\n<h5><b>Severin Frank (Our Company Ltd.) <\/b><\/h5>\n<p>graphic and web design<\/p>\n<h5><b>Prof. Dr. H.C. Erik Spiekermann <\/b><\/h5>\n<p>CI design Make City<\/p>\n","protected":false},"excerpt":{"rendered":"<p class=\"excerpt\">CONCEPT &amp; REALISATION Rosario Talevi associate curator Festival and Make City Open Architect (University of [&hellip;]<\/p>\n","protected":false},"author":14,"featured_media":0,"parent":0,"menu_order":0,"comment_status":"open","ping_status":"open","template":"","meta":{"_acf_changed":false,"footnotes":""},"class_list":["post-10051","page","type-page","status-publish","hentry"],"acf":[],"_links":{"self":[{"href":"https:\/\/makecity.berlin\/2015\/wp-json\/wp\/v2\/pages\/10051"}],"collection":[{"href":"https:\/\/makecity.berlin\/2015\/wp-json\/wp\/v2\/pages"}],"about":[{"href":"https:\/\/makecity.berlin\/2015\/wp-json\/wp\/v2\/types\/page"}],"author":[{"embeddable":true,"href":"https:\/\/makecity.berlin\/2015\/wp-json\/wp\/v2\/users\/14"}],"replies":[{"embeddable":true,"href":"https:\/\/makecity.berlin\/2015\/wp-json\/wp\/v2\/comments?post=10051"}],"version-history":[{"count":50,"href":"https:\/\/makecity.berlin\/2015\/wp-json\/wp\/v2\/pages\/10051\/revisions"}],"predecessor-version":[{"id":16384,"href":"https:\/\/makecity.berlin\/2015\/wp-json\/wp\/v2\/pages\/10051\/revisions\/16384"}],"wp:attachment":[{"href":"https:\/\/makecity.berlin\/2015\/wp-json\/wp\/v2\/media?parent=10051"}],"curies":[{"name":"wp","href":"https:\/\/api.w.org\/{rel}","templated":true}]}}